{"id":272,"date":"2026-01-26T14:43:26","date_gmt":"2026-01-26T14:43:26","guid":{"rendered":"https:\/\/oramagnetic.com\/?page_id=272"},"modified":"2026-01-26T15:08:42","modified_gmt":"2026-01-26T15:08:42","slug":"retrouver-confiance-en-soi","status":"publish","type":"page","link":"https:\/\/oramagnetic.com\/index.php\/retrouver-confiance-en-soi\/","title":{"rendered":"Pour retrouver confiance en soi"},"content":{"rendered":"\n<h4 class=\"wp-block-heading\">Une reconnexion profonde \u00e0 votre essence et \u00e0 votre pouvoir int\u00e9rieur&nbsp;<img decoding=\"async\" src=\"https:\/\/fonts.gstatic.com\/s\/e\/notoemoji\/16.0\/2728\/72.png\" alt=\"\u2728\"><\/h4>\n\n\n\n<p>La Guidance \u00e9nerg\u00e9tique est un soin puissant qui agit comme une v\u00e9ritable reprogrammation du mental et de l\u2019ADN \u00e9nerg\u00e9tique.<\/p>\n\n\n\n<p>Elle permet de booster votre vitalit\u00e9, d\u2019ouvrir votre conscience et de r\u00e9aligner vos \u00e9nergies vers une version plus \u00e9lev\u00e9e de vous-m\u00eame.<\/p>\n\n\n\n<p>Ce soin favorise la confiance, la force int\u00e9rieure et la clart\u00e9 d\u2019esprit.<\/p>\n\n\n\n<p>Gr\u00e2ce \u00e0 ce travail vibratoire, votre inconscient int\u00e8gre peu \u00e0 peu de nouveaux sch\u00e9mas positifs :<\/p>\n\n\n\n<p>vous commencez \u00e0 croire pleinement en vos capacit\u00e9s, \u00e0 ressentir que vous m\u00e9ritez le meilleur et \u00e0 rayonner cette certitude autour de vous.<\/p>\n\n\n\n<p><img decoding=\"async\" src=\"https:\/\/fonts.gstatic.com\/s\/e\/notoemoji\/16.0\/1f33f\/72.png\" alt=\"\ud83c\udf3f\">&nbsp;Cette guidance agit aussi sur le troisi\u00e8me \u0153il, centre de l\u2019intuition et de la connexion \u00e0 l\u2019\u00e2me.<\/p>\n\n\n\n<p>Elle vous aide \u00e0 sortir du mental, \u00e0 apaiser le flot des pens\u00e9es, et \u00e0 retrouver une connexion directe avec votre \u00eatre profond.<\/p>\n\n\n\n<p>C\u2019est un voyage int\u00e9rieur vers plus d\u2019harmonie, de lucidit\u00e9 et de paix.<\/p>\n\n\n\n<p><img decoding=\"async\" src=\"https:\/\/fonts.gstatic.com\/s\/e\/notoemoji\/16.0\/1f4ab\/72.png\" alt=\"\ud83d\udcab\">&nbsp;J\u2019utilise pour cela une m\u00e9thode \u00e9nerg\u00e9tique sp\u00e9cifique, le Theta Healing (ou D\u00e9tailing),<\/p>\n\n\n\n<p>qui permet d\u2019acc\u00e9der \u00e0 un \u00e9tat de conscience \u00e9largie afin de lib\u00e9rer les croyances limitantes et d\u2019activer le potentiel lumineux de votre ADN.<\/p>\n\n\n\n<p>Ce soin est un boost pour l\u2019esprit et pour la vie.<\/p>\n\n\n\n<p>Il aide \u00e0 retrouver votre puissance, \u00e0 lever les doutes, et \u00e0 r\u00e9aligner votre \u00e9nergie avec votre mission d\u2019\u00e2me.<\/p>\n\n\n\n<p><img decoding=\"async\" src=\"https:\/\/fonts.gstatic.com\/s\/e\/notoemoji\/16.0\/1f338\/72.png\" alt=\"\ud83c\udf38\">&nbsp;Reconnectez-vous \u00e0 votre lumi\u00e8re int\u00e9rieure<\/p>\n\n\n\n<p>et laissez la Guidance vous \u00e9lever vers une dimension plus consciente, plus apais\u00e9e et plus vibrante.<\/p>\n","protected":false},"excerpt":{"rendered":"<p>Une reconnexion profonde \u00e0 votre essence et \u00e0 votre pouvoir int\u00e9rieur&nbsp; La Guidance \u00e9nerg\u00e9tique est un soin puissant qui agit comme une v\u00e9ritable reprogrammation du mental et de l\u2019ADN \u00e9nerg\u00e9tique. Elle permet de booster votre vitalit\u00e9, d\u2019ouvrir votre conscience et de r\u00e9aligner vos \u00e9nergies vers une version plus \u00e9lev\u00e9e de vous-m\u00eame. Ce soin favorise la [&hellip;]<\/p>\n","protected":false},"author":1,"featured_media":0,"parent":0,"menu_order":0,"comment_status":"closed","ping_status":"closed","template":"","meta":{"footnotes":""},"class_list":["post-272","page","type-page","status-publish","hentry"],"yoast_head":"<!-- This site is optimized with the Yoast SEO plugin v26.1.1 - https:\/\/yoast.com\/wordpress\/plugins\/seo\/ -->\n<title>Pour retrouver confiance en soi -<\/title>\n<meta name=\"robots\" content=\"index, follow, max-snippet:-1, max-image-preview:large, max-video-preview:-1\" \/>\n<link rel=\"canonical\" href=\"https:\/\/oramagnetic.com\/index.php\/retrouver-confiance-en-soi\/\" \/>\n<meta property=\"og:locale\" content=\"fr_FR\" \/>\n<meta property=\"og:type\" content=\"article\" \/>\n<meta property=\"og:title\" content=\"Pour retrouver confiance en soi -\" \/>\n<meta property=\"og:description\" content=\"Une reconnexion profonde \u00e0 votre essence et \u00e0 votre pouvoir int\u00e9rieur&nbsp; La Guidance \u00e9nerg\u00e9tique est un soin puissant qui agit comme une v\u00e9ritable reprogrammation du mental et de l\u2019ADN \u00e9nerg\u00e9tique. Elle permet de booster votre vitalit\u00e9, d\u2019ouvrir votre conscience et de r\u00e9aligner vos \u00e9nergies vers une version plus \u00e9lev\u00e9e de vous-m\u00eame. Ce soin favorise la [&hellip;]\" \/>\n<meta property=\"og:url\" content=\"https:\/\/oramagnetic.com\/index.php\/retrouver-confiance-en-soi\/\" \/>\n<meta property=\"article:publisher\" content=\"https:\/\/www.facebook.com\/oramagnetic\" \/>\n<meta property=\"article:modified_time\" content=\"2026-01-26T15:08:42+00:00\" \/>\n<meta property=\"og:image\" content=\"https:\/\/fonts.gstatic.com\/s\/e\/notoemoji\/16.0\/2728\/72.png\" \/>\n<meta name=\"twitter:card\" content=\"summary_large_image\" \/>\n<meta name=\"twitter:label1\" content=\"Dur\u00e9e de lecture estim\u00e9e\" \/>\n\t<meta name=\"twitter:data1\" content=\"3 minutes\" \/>\n<script type=\"application\/ld+json\" class=\"yoast-schema-graph\">{\"@context\":\"https:\/\/schema.org\",\"@graph\":[{\"@type\":\"WebPage\",\"@id\":\"https:\/\/oramagnetic.com\/index.php\/retrouver-confiance-en-soi\/\",\"url\":\"https:\/\/oramagnetic.com\/index.php\/retrouver-confiance-en-soi\/\",\"name\":\"Pour retrouver confiance en soi -\",\"isPartOf\":{\"@id\":\"https:\/\/oramagnetic.com\/#website\"},\"primaryImageOfPage\":{\"@id\":\"https:\/\/oramagnetic.com\/index.php\/retrouver-confiance-en-soi\/#primaryimage\"},\"image\":{\"@id\":\"https:\/\/oramagnetic.com\/index.php\/retrouver-confiance-en-soi\/#primaryimage\"},\"thumbnailUrl\":\"https:\/\/fonts.gstatic.com\/s\/e\/notoemoji\/16.0\/2728\/72.png\",\"datePublished\":\"2026-01-26T14:43:26+00:00\",\"dateModified\":\"2026-01-26T15:08:42+00:00\",\"breadcrumb\":{\"@id\":\"https:\/\/oramagnetic.com\/index.php\/retrouver-confiance-en-soi\/#breadcrumb\"},\"inLanguage\":\"fr-FR\",\"potentialAction\":[{\"@type\":\"ReadAction\",\"target\":[\"https:\/\/oramagnetic.com\/index.php\/retrouver-confiance-en-soi\/\"]}]},{\"@type\":\"ImageObject\",\"inLanguage\":\"fr-FR\",\"@id\":\"https:\/\/oramagnetic.com\/index.php\/retrouver-confiance-en-soi\/#primaryimage\",\"url\":\"https:\/\/fonts.gstatic.com\/s\/e\/notoemoji\/16.0\/2728\/72.png\",\"contentUrl\":\"https:\/\/fonts.gstatic.com\/s\/e\/notoemoji\/16.0\/2728\/72.png\"},{\"@type\":\"BreadcrumbList\",\"@id\":\"https:\/\/oramagnetic.com\/index.php\/retrouver-confiance-en-soi\/#breadcrumb\",\"itemListElement\":[{\"@type\":\"ListItem\",\"position\":1,\"name\":\"Home\",\"item\":\"https:\/\/oramagnetic.com\/\"},{\"@type\":\"ListItem\",\"position\":2,\"name\":\"Pour retrouver confiance en soi\"}]},{\"@type\":\"WebSite\",\"@id\":\"https:\/\/oramagnetic.com\/#website\",\"url\":\"https:\/\/oramagnetic.com\/\",\"name\":\"Oramagnetic\",\"description\":\"\",\"publisher\":{\"@id\":\"https:\/\/oramagnetic.com\/#organization\"},\"alternateName\":\"Oramagnetic Paris\",\"potentialAction\":[{\"@type\":\"SearchAction\",\"target\":{\"@type\":\"EntryPoint\",\"urlTemplate\":\"https:\/\/oramagnetic.com\/?s={search_term_string}\"},\"query-input\":{\"@type\":\"PropertyValueSpecification\",\"valueRequired\":true,\"valueName\":\"search_term_string\"}}],\"inLanguage\":\"fr-FR\"},{\"@type\":\"Organization\",\"@id\":\"https:\/\/oramagnetic.com\/#organization\",\"name\":\"Oramagnetic\",\"alternateName\":\"Oramagnetic\",\"url\":\"https:\/\/oramagnetic.com\/\",\"logo\":{\"@type\":\"ImageObject\",\"inLanguage\":\"fr-FR\",\"@id\":\"https:\/\/oramagnetic.com\/#\/schema\/logo\/image\/\",\"url\":\"https:\/\/oramagnetic.com\/wp-content\/uploads\/2025\/10\/LOGOS-PICTOS-48.png\",\"contentUrl\":\"https:\/\/oramagnetic.com\/wp-content\/uploads\/2025\/10\/LOGOS-PICTOS-48.png\",\"width\":500,\"height\":331,\"caption\":\"Oramagnetic\"},\"image\":{\"@id\":\"https:\/\/oramagnetic.com\/#\/schema\/logo\/image\/\"},\"sameAs\":[\"https:\/\/www.facebook.com\/oramagnetic\"]}]}<\/script>\n<!-- \/ Yoast SEO plugin. -->","yoast_head_json":{"title":"Pour retrouver confiance en soi -","robots":{"index":"index","follow":"follow","max-snippet":"max-snippet:-1","max-image-preview":"max-image-preview:large","max-video-preview":"max-video-preview:-1"},"canonical":"https:\/\/oramagnetic.com\/index.php\/retrouver-confiance-en-soi\/","og_locale":"fr_FR","og_type":"article","og_title":"Pour retrouver confiance en soi -","og_description":"Une reconnexion profonde \u00e0 votre essence et \u00e0 votre pouvoir int\u00e9rieur&nbsp; La Guidance \u00e9nerg\u00e9tique est un soin puissant qui agit comme une v\u00e9ritable reprogrammation du mental et de l\u2019ADN \u00e9nerg\u00e9tique. Elle permet de booster votre vitalit\u00e9, d\u2019ouvrir votre conscience et de r\u00e9aligner vos \u00e9nergies vers une version plus \u00e9lev\u00e9e de vous-m\u00eame. Ce soin favorise la [&hellip;]","og_url":"https:\/\/oramagnetic.com\/index.php\/retrouver-confiance-en-soi\/","article_publisher":"https:\/\/www.facebook.com\/oramagnetic","article_modified_time":"2026-01-26T15:08:42+00:00","og_image":[{"url":"https:\/\/fonts.gstatic.com\/s\/e\/notoemoji\/16.0\/2728\/72.png","type":"","width":"","height":""}],"twitter_card":"summary_large_image","twitter_misc":{"Dur\u00e9e de lecture estim\u00e9e":"3 minutes"},"schema":{"@context":"https:\/\/schema.org","@graph":[{"@type":"WebPage","@id":"https:\/\/oramagnetic.com\/index.php\/retrouver-confiance-en-soi\/","url":"https:\/\/oramagnetic.com\/index.php\/retrouver-confiance-en-soi\/","name":"Pour retrouver confiance en soi -","isPartOf":{"@id":"https:\/\/oramagnetic.com\/#website"},"primaryImageOfPage":{"@id":"https:\/\/oramagnetic.com\/index.php\/retrouver-confiance-en-soi\/#primaryimage"},"image":{"@id":"https:\/\/oramagnetic.com\/index.php\/retrouver-confiance-en-soi\/#primaryimage"},"thumbnailUrl":"https:\/\/fonts.gstatic.com\/s\/e\/notoemoji\/16.0\/2728\/72.png","datePublished":"2026-01-26T14:43:26+00:00","dateModified":"2026-01-26T15:08:42+00:00","breadcrumb":{"@id":"https:\/\/oramagnetic.com\/index.php\/retrouver-confiance-en-soi\/#breadcrumb"},"inLanguage":"fr-FR","potentialAction":[{"@type":"ReadAction","target":["https:\/\/oramagnetic.com\/index.php\/retrouver-confiance-en-soi\/"]}]},{"@type":"ImageObject","inLanguage":"fr-FR","@id":"https:\/\/oramagnetic.com\/index.php\/retrouver-confiance-en-soi\/#primaryimage","url":"https:\/\/fonts.gstatic.com\/s\/e\/notoemoji\/16.0\/2728\/72.png","contentUrl":"https:\/\/fonts.gstatic.com\/s\/e\/notoemoji\/16.0\/2728\/72.png"},{"@type":"BreadcrumbList","@id":"https:\/\/oramagnetic.com\/index.php\/retrouver-confiance-en-soi\/#breadcrumb","itemListElement":[{"@type":"ListItem","position":1,"name":"Home","item":"https:\/\/oramagnetic.com\/"},{"@type":"ListItem","position":2,"name":"Pour retrouver confiance en soi"}]},{"@type":"WebSite","@id":"https:\/\/oramagnetic.com\/#website","url":"https:\/\/oramagnetic.com\/","name":"Oramagnetic","description":"","publisher":{"@id":"https:\/\/oramagnetic.com\/#organization"},"alternateName":"Oramagnetic Paris","potentialAction":[{"@type":"SearchAction","target":{"@type":"EntryPoint","urlTemplate":"https:\/\/oramagnetic.com\/?s={search_term_string}"},"query-input":{"@type":"PropertyValueSpecification","valueRequired":true,"valueName":"search_term_string"}}],"inLanguage":"fr-FR"},{"@type":"Organization","@id":"https:\/\/oramagnetic.com\/#organization","name":"Oramagnetic","alternateName":"Oramagnetic","url":"https:\/\/oramagnetic.com\/","logo":{"@type":"ImageObject","inLanguage":"fr-FR","@id":"https:\/\/oramagnetic.com\/#\/schema\/logo\/image\/","url":"https:\/\/oramagnetic.com\/wp-content\/uploads\/2025\/10\/LOGOS-PICTOS-48.png","contentUrl":"https:\/\/oramagnetic.com\/wp-content\/uploads\/2025\/10\/LOGOS-PICTOS-48.png","width":500,"height":331,"caption":"Oramagnetic"},"image":{"@id":"https:\/\/oramagnetic.com\/#\/schema\/logo\/image\/"},"sameAs":["https:\/\/www.facebook.com\/oramagnetic"]}]}},"_links":{"self":[{"href":"https:\/\/oramagnetic.com\/index.php\/wp-json\/wp\/v2\/pages\/272","targetHints":{"allow":["GET"]}}],"collection":[{"href":"https:\/\/oramagnetic.com\/index.php\/wp-json\/wp\/v2\/pages"}],"about":[{"href":"https:\/\/oramagnetic.com\/index.php\/wp-json\/wp\/v2\/types\/page"}],"author":[{"embeddable":true,"href":"https:\/\/oramagnetic.com\/index.php\/wp-json\/wp\/v2\/users\/1"}],"replies":[{"embeddable":true,"href":"https:\/\/oramagnetic.com\/index.php\/wp-json\/wp\/v2\/comments?post=272"}],"version-history":[{"count":2,"href":"https:\/\/oramagnetic.com\/index.php\/wp-json\/wp\/v2\/pages\/272\/revisions"}],"predecessor-version":[{"id":275,"href":"https:\/\/oramagnetic.com\/index.php\/wp-json\/wp\/v2\/pages\/272\/revisions\/275"}],"wp:attachment":[{"href":"https:\/\/oramagnetic.com\/index.php\/wp-json\/wp\/v2\/media?parent=272"}],"curies":[{"name":"wp","href":"https:\/\/api.w.org\/{rel}","templated":true}]}}