{"id":297,"date":"2026-01-26T16:45:54","date_gmt":"2026-01-26T16:45:54","guid":{"rendered":"https:\/\/oramagnetic.com\/?page_id=297"},"modified":"2026-01-26T16:50:36","modified_gmt":"2026-01-26T16:50:36","slug":"mediumnite","status":"publish","type":"page","link":"https:\/\/oramagnetic.com\/index.php\/mediumnite\/","title":{"rendered":"M\u00e9diumnit\u00e9"},"content":{"rendered":"\t\t<div data-elementor-type=\"wp-page\" data-elementor-id=\"297\" class=\"elementor elementor-297\">\n\t\t\t\t\t\t<section class=\"elementor-section elementor-top-section elementor-element elementor-element-6c3611f9 elementor-section-boxed elementor-section-height-default elementor-section-height-default\" data-id=\"6c3611f9\" data-element_type=\"section\">\n\t\t\t\t\t\t<div class=\"elementor-container elementor-column-gap-default\">\n\t\t\t\t\t<div class=\"elementor-column elementor-col-100 elementor-top-column elementor-element elementor-element-9d0c617\" data-id=\"9d0c617\" data-element_type=\"column\">\n\t\t\t<div class=\"elementor-widget-wrap elementor-element-populated\">\n\t\t\t\t\t\t<div class=\"elementor-element elementor-element-5635f774 elementor-widget elementor-widget-text-editor\" data-id=\"5635f774\" data-element_type=\"widget\" data-widget_type=\"text-editor.default\">\n\t\t\t\t<div class=\"elementor-widget-container\">\n\t\t\t\t\t\t\t\t\t<p><\/p>\n<p><img decoding=\"async\" src=\"https:\/\/fonts.gstatic.com\/s\/e\/notoemoji\/16.0\/1f31f\/72.png\" alt=\"\ud83c\udf1f\">&nbsp;La M\u00e9diumnit\u00e9 \u2013 Un don au service de votre chemin de vie&nbsp;<img decoding=\"async\" src=\"https:\/\/fonts.gstatic.com\/s\/e\/notoemoji\/16.0\/1f31f\/72.png\" alt=\"\ud83c\udf1f\"><\/p>\n<p><\/p>\n<p>La m\u00e9diumnit\u00e9 est un don naturel qui me permet de me connecter aux plans subtils afin de vous transmettre des messages justes, bienveillants et \u00e9clairants&nbsp;<img decoding=\"async\" src=\"https:\/\/fonts.gstatic.com\/s\/e\/notoemoji\/16.0\/2728\/72.png\" alt=\"\u2728\"><\/p>\n<p><\/p>\n<p>\u00c0 travers cette connexion, je vous accompagne pour mieux comprendre votre situation, apaiser vos doutes et avancer avec plus de clart\u00e9 et de s\u00e9r\u00e9nit\u00e9&nbsp;<img decoding=\"async\" src=\"https:\/\/fonts.gstatic.com\/s\/e\/notoemoji\/16.0\/1f319\/72.png\" alt=\"\ud83c\udf19\"><img decoding=\"async\" src=\"https:\/\/fonts.gstatic.com\/s\/e\/notoemoji\/16.0\/1f4ab\/72.png\" alt=\"\ud83d\udcab\"><\/p>\n<p><\/p>\n<p>Chaque guidance est r\u00e9alis\u00e9e dans le respect, la douceur et l\u2019\u00e9coute, avec l\u2019intention profonde de vous aider \u00e0 trouver des r\u00e9ponses et \u00e0 vous reconnecter \u00e0 votre v\u00e9rit\u00e9 int\u00e9rieure&nbsp;<img decoding=\"async\" src=\"https:\/\/fonts.gstatic.com\/s\/e\/notoemoji\/16.0\/1f90d\/72.png\" alt=\"\ud83e\udd0d\"><\/p>\n<p><\/p>\n<hr class=\"wp-block-separator has-alpha-channel-opacity\">\n<p><\/p>\n<p><img decoding=\"async\" src=\"https:\/\/fonts.gstatic.com\/s\/e\/notoemoji\/16.0\/1f52e\/72.png\" alt=\"\ud83d\udd2e\">&nbsp;Les guidances propos\u00e9es&nbsp;<img decoding=\"async\" src=\"https:\/\/fonts.gstatic.com\/s\/e\/notoemoji\/16.0\/1f52e\/72.png\" alt=\"\ud83d\udd2e\"><\/p>\n<p><\/p>\n<p><img decoding=\"async\" src=\"https:\/\/fonts.gstatic.com\/s\/e\/notoemoji\/16.0\/1f49c\/72.png\" alt=\"\ud83d\udc9c\">&nbsp;15 \u20ac \u2013 Guidance cibl\u00e9e (15 minutes)<\/p>\n<p><\/p>\n<p><img decoding=\"async\" src=\"https:\/\/fonts.gstatic.com\/s\/e\/notoemoji\/16.0\/1f449\/72.png\" alt=\"\ud83d\udc49\">&nbsp;1 domaine pr\u00e9cis (amour, travail, finances, famille\u2026)<\/p>\n<p><\/p>\n<p>Une guidance courte et efficace pour r\u00e9pondre \u00e0 une question pr\u00e9cise et vous apporter un \u00e9clairage rapide et align\u00e9&nbsp;<img decoding=\"async\" src=\"https:\/\/fonts.gstatic.com\/s\/e\/notoemoji\/16.0\/2728\/72.png\" alt=\"\u2728\"><\/p>\n<p><\/p>\n<hr class=\"wp-block-separator has-alpha-channel-opacity\">\n<p><\/p>\n<p><img decoding=\"async\" src=\"https:\/\/fonts.gstatic.com\/s\/e\/notoemoji\/16.0\/1f49c\/72.png\" alt=\"\ud83d\udc9c\">&nbsp;30 \u20ac \u2013 Guidance approfondie (30 minutes)<\/p>\n<p><\/p>\n<p><img decoding=\"async\" src=\"https:\/\/fonts.gstatic.com\/s\/e\/notoemoji\/16.0\/1f449\/72.png\" alt=\"\ud83d\udc49\">&nbsp;2 domaines pr\u00e9cis<\/p>\n<p><\/p>\n<p>Une s\u00e9ance plus compl\u00e8te pour explorer deux aspects importants de votre vie, mieux comprendre les blocages et recevoir des messages aidants pour avancer sereinement&nbsp;<img decoding=\"async\" src=\"https:\/\/fonts.gstatic.com\/s\/e\/notoemoji\/16.0\/1f33f\/72.png\" alt=\"\ud83c\udf3f\"><img decoding=\"async\" src=\"https:\/\/fonts.gstatic.com\/s\/e\/notoemoji\/16.0\/1f4ab\/72.png\" alt=\"\ud83d\udcab\"><\/p>\n<p><\/p>\n<hr class=\"wp-block-separator has-alpha-channel-opacity\">\n<p><\/p>\n<p><img decoding=\"async\" src=\"https:\/\/fonts.gstatic.com\/s\/e\/notoemoji\/16.0\/1f49c\/72.png\" alt=\"\ud83d\udc9c\">&nbsp;80 \u20ac \u2013 Guidance compl\u00e8te &nbsp;(1h15)<\/p>\n<p><\/p>\n<p><img decoding=\"async\" src=\"https:\/\/fonts.gstatic.com\/s\/e\/notoemoji\/16.0\/1f449\/72.png\" alt=\"\ud83d\udc49\">&nbsp;Plusieurs domaines abord\u00e9s<\/p>\n<p><\/p>\n<p><img decoding=\"async\" src=\"https:\/\/fonts.gstatic.com\/s\/e\/notoemoji\/16.0\/1f449\/72.png\" alt=\"\ud83d\udc49\">&nbsp;Communication avec les d\u00e9funts<\/p>\n<p><\/p>\n<p><img decoding=\"async\" src=\"https:\/\/fonts.gstatic.com\/s\/e\/notoemoji\/16.0\/1f449\/72.png\" alt=\"\ud83d\udc49\">&nbsp;Messages des guides<\/p>\n<p><\/p>\n<p>Une guidance profonde et compl\u00e8te d\u2019une dur\u00e9e de 1h15, permettant d\u2019explorer en d\u00e9tail votre parcours de vie&nbsp;<img decoding=\"async\" src=\"https:\/\/fonts.gstatic.com\/s\/e\/notoemoji\/16.0\/1f319\/72.png\" alt=\"\ud83c\udf19\"><img decoding=\"async\" src=\"https:\/\/fonts.gstatic.com\/s\/e\/notoemoji\/16.0\/2728\/72.png\" alt=\"\u2728\"><\/p>\n<p><\/p>\n<p>Cette s\u00e9ance inclut, si cela est juste, une guidance fun\u00e9raire avec communication avec les d\u00e9funts, ainsi que la transmission des messages des guides, dans un cadre bienveillant, respectueux et apaisant&nbsp;<img decoding=\"async\" src=\"https:\/\/fonts.gstatic.com\/s\/e\/notoemoji\/16.0\/1f90d\/72.png\" alt=\"\ud83e\udd0d\"><\/p>\n<p><\/p>\n<p>Elle permet de :<\/p>\n<p><\/p>\n<p><img decoding=\"async\" src=\"https:\/\/fonts.gstatic.com\/s\/e\/notoemoji\/16.0\/2728\/72.png\" alt=\"\u2728\">&nbsp;comprendre les \u00e9preuves travers\u00e9es<\/p>\n<p><\/p>\n<p><img decoding=\"async\" src=\"https:\/\/fonts.gstatic.com\/s\/e\/notoemoji\/16.0\/2728\/72.png\" alt=\"\u2728\">&nbsp;recevoir des r\u00e9ponses claires<\/p>\n<p><\/p>\n<p><img decoding=\"async\" src=\"https:\/\/fonts.gstatic.com\/s\/e\/notoemoji\/16.0\/2728\/72.png\" alt=\"\u2728\">&nbsp;apaiser le c\u0153ur et l\u2019esprit<\/p>\n<p><\/p>\n<p><img decoding=\"async\" src=\"https:\/\/fonts.gstatic.com\/s\/e\/notoemoji\/16.0\/2728\/72.png\" alt=\"\u2728\">&nbsp;avancer avec plus de confiance et de lumi\u00e8re<\/p>\n<p><\/p>\n<hr class=\"wp-block-separator has-alpha-channel-opacity\">\n<p><\/p>\n<p><img decoding=\"async\" src=\"https:\/\/fonts.gstatic.com\/s\/e\/notoemoji\/16.0\/1f308\/72.png\" alt=\"\ud83c\udf08\">&nbsp;Conclusion&nbsp;<img decoding=\"async\" src=\"https:\/\/fonts.gstatic.com\/s\/e\/notoemoji\/16.0\/1f308\/72.png\" alt=\"\ud83c\udf08\"><\/p>\n<p><\/p>\n<p>Ces guidances sont l\u00e0 pour vous accompagner, vous soutenir et vous aider \u00e0 retrouver confiance, apaisement et clart\u00e9 dans votre vie&nbsp;<img decoding=\"async\" src=\"https:\/\/fonts.gstatic.com\/s\/e\/notoemoji\/16.0\/1f31f\/72.png\" alt=\"\ud83c\udf1f\"><\/p>\n<p><\/p>\n<p>Chaque s\u00e9ance est un moment privil\u00e9gi\u00e9, d\u00e9di\u00e9 \u00e0 votre \u00e9volution personnelle et spirituelle, afin de vous aider \u00e0 avancer plus sereinement sur votre chemin d\u2019\u00e2me&nbsp;<img decoding=\"async\" src=\"https:\/\/fonts.gstatic.com\/s\/e\/notoemoji\/16.0\/1f90d\/72.png\" alt=\"\ud83e\udd0d\"><img decoding=\"async\" src=\"https:\/\/fonts.gstatic.com\/s\/e\/notoemoji\/16.0\/2728\/72.png\" alt=\"\u2728\"><\/p>\n<p><\/p>\t\t\t\t\t\t\t\t<\/div>\n\t\t\t\t<\/div>\n\t\t\t\t\t<\/div>\n\t\t<\/div>\n\t\t\t\t\t<\/div>\n\t\t<\/section>\n\t\t\t\t<\/div>\n\t\t","protected":false},"excerpt":{"rendered":"<p>&nbsp;La M\u00e9diumnit\u00e9 \u2013 Un don au service de votre chemin de vie&nbsp; La m\u00e9diumnit\u00e9 est un don naturel qui me permet de me connecter aux plans subtils afin de vous transmettre des messages justes, bienveillants et \u00e9clairants&nbsp; \u00c0 travers cette connexion, je vous accompagne pour mieux comprendre votre situation, apaiser vos doutes et avancer avec [&hellip;]<\/p>\n","protected":false},"author":1,"featured_media":0,"parent":0,"menu_order":0,"comment_status":"closed","ping_status":"closed","template":"","meta":{"footnotes":""},"class_list":["post-297","page","type-page","status-publish","hentry"],"yoast_head":"<!-- This site is optimized with the Yoast SEO plugin v26.1.1 - https:\/\/yoast.com\/wordpress\/plugins\/seo\/ -->\n<title>M\u00e9diumnit\u00e9 -<\/title>\n<meta name=\"robots\" content=\"index, follow, max-snippet:-1, max-image-preview:large, max-video-preview:-1\" \/>\n<link rel=\"canonical\" href=\"https:\/\/oramagnetic.com\/index.php\/mediumnite\/\" \/>\n<meta property=\"og:locale\" content=\"fr_FR\" \/>\n<meta property=\"og:type\" content=\"article\" \/>\n<meta property=\"og:title\" content=\"M\u00e9diumnit\u00e9 -\" \/>\n<meta property=\"og:description\" content=\"&nbsp;La M\u00e9diumnit\u00e9 \u2013 Un don au service de votre chemin de vie&nbsp; La m\u00e9diumnit\u00e9 est un don naturel qui me permet de me connecter aux plans subtils afin de vous transmettre des messages justes, bienveillants et \u00e9clairants&nbsp; \u00c0 travers cette connexion, je vous accompagne pour mieux comprendre votre situation, apaiser vos doutes et avancer avec [&hellip;]\" \/>\n<meta property=\"og:url\" content=\"https:\/\/oramagnetic.com\/index.php\/mediumnite\/\" \/>\n<meta property=\"article:publisher\" content=\"https:\/\/www.facebook.com\/oramagnetic\" \/>\n<meta property=\"article:modified_time\" content=\"2026-01-26T16:50:36+00:00\" \/>\n<meta property=\"og:image\" content=\"https:\/\/fonts.gstatic.com\/s\/e\/notoemoji\/16.0\/1f31f\/72.png\" \/>\n<meta name=\"twitter:card\" content=\"summary_large_image\" \/>\n<meta name=\"twitter:label1\" content=\"Dur\u00e9e de lecture estim\u00e9e\" \/>\n\t<meta name=\"twitter:data1\" content=\"8 minutes\" \/>\n<script type=\"application\/ld+json\" class=\"yoast-schema-graph\">{\"@context\":\"https:\/\/schema.org\",\"@graph\":[{\"@type\":\"WebPage\",\"@id\":\"https:\/\/oramagnetic.com\/index.php\/mediumnite\/\",\"url\":\"https:\/\/oramagnetic.com\/index.php\/mediumnite\/\",\"name\":\"M\u00e9diumnit\u00e9 -\",\"isPartOf\":{\"@id\":\"https:\/\/oramagnetic.com\/#website\"},\"primaryImageOfPage\":{\"@id\":\"https:\/\/oramagnetic.com\/index.php\/mediumnite\/#primaryimage\"},\"image\":{\"@id\":\"https:\/\/oramagnetic.com\/index.php\/mediumnite\/#primaryimage\"},\"thumbnailUrl\":\"https:\/\/fonts.gstatic.com\/s\/e\/notoemoji\/16.0\/1f31f\/72.png\",\"datePublished\":\"2026-01-26T16:45:54+00:00\",\"dateModified\":\"2026-01-26T16:50:36+00:00\",\"breadcrumb\":{\"@id\":\"https:\/\/oramagnetic.com\/index.php\/mediumnite\/#breadcrumb\"},\"inLanguage\":\"fr-FR\",\"potentialAction\":[{\"@type\":\"ReadAction\",\"target\":[\"https:\/\/oramagnetic.com\/index.php\/mediumnite\/\"]}]},{\"@type\":\"ImageObject\",\"inLanguage\":\"fr-FR\",\"@id\":\"https:\/\/oramagnetic.com\/index.php\/mediumnite\/#primaryimage\",\"url\":\"https:\/\/fonts.gstatic.com\/s\/e\/notoemoji\/16.0\/1f31f\/72.png\",\"contentUrl\":\"https:\/\/fonts.gstatic.com\/s\/e\/notoemoji\/16.0\/1f31f\/72.png\"},{\"@type\":\"BreadcrumbList\",\"@id\":\"https:\/\/oramagnetic.com\/index.php\/mediumnite\/#breadcrumb\",\"itemListElement\":[{\"@type\":\"ListItem\",\"position\":1,\"name\":\"Home\",\"item\":\"https:\/\/oramagnetic.com\/\"},{\"@type\":\"ListItem\",\"position\":2,\"name\":\"M\u00e9diumnit\u00e9\"}]},{\"@type\":\"WebSite\",\"@id\":\"https:\/\/oramagnetic.com\/#website\",\"url\":\"https:\/\/oramagnetic.com\/\",\"name\":\"Oramagnetic\",\"description\":\"\",\"publisher\":{\"@id\":\"https:\/\/oramagnetic.com\/#organization\"},\"alternateName\":\"Oramagnetic Paris\",\"potentialAction\":[{\"@type\":\"SearchAction\",\"target\":{\"@type\":\"EntryPoint\",\"urlTemplate\":\"https:\/\/oramagnetic.com\/?s={search_term_string}\"},\"query-input\":{\"@type\":\"PropertyValueSpecification\",\"valueRequired\":true,\"valueName\":\"search_term_string\"}}],\"inLanguage\":\"fr-FR\"},{\"@type\":\"Organization\",\"@id\":\"https:\/\/oramagnetic.com\/#organization\",\"name\":\"Oramagnetic\",\"alternateName\":\"Oramagnetic\",\"url\":\"https:\/\/oramagnetic.com\/\",\"logo\":{\"@type\":\"ImageObject\",\"inLanguage\":\"fr-FR\",\"@id\":\"https:\/\/oramagnetic.com\/#\/schema\/logo\/image\/\",\"url\":\"https:\/\/oramagnetic.com\/wp-content\/uploads\/2025\/10\/LOGOS-PICTOS-48.png\",\"contentUrl\":\"https:\/\/oramagnetic.com\/wp-content\/uploads\/2025\/10\/LOGOS-PICTOS-48.png\",\"width\":500,\"height\":331,\"caption\":\"Oramagnetic\"},\"image\":{\"@id\":\"https:\/\/oramagnetic.com\/#\/schema\/logo\/image\/\"},\"sameAs\":[\"https:\/\/www.facebook.com\/oramagnetic\"]}]}<\/script>\n<!-- \/ Yoast SEO plugin. -->","yoast_head_json":{"title":"M\u00e9diumnit\u00e9 -","robots":{"index":"index","follow":"follow","max-snippet":"max-snippet:-1","max-image-preview":"max-image-preview:large","max-video-preview":"max-video-preview:-1"},"canonical":"https:\/\/oramagnetic.com\/index.php\/mediumnite\/","og_locale":"fr_FR","og_type":"article","og_title":"M\u00e9diumnit\u00e9 -","og_description":"&nbsp;La M\u00e9diumnit\u00e9 \u2013 Un don au service de votre chemin de vie&nbsp; La m\u00e9diumnit\u00e9 est un don naturel qui me permet de me connecter aux plans subtils afin de vous transmettre des messages justes, bienveillants et \u00e9clairants&nbsp; \u00c0 travers cette connexion, je vous accompagne pour mieux comprendre votre situation, apaiser vos doutes et avancer avec [&hellip;]","og_url":"https:\/\/oramagnetic.com\/index.php\/mediumnite\/","article_publisher":"https:\/\/www.facebook.com\/oramagnetic","article_modified_time":"2026-01-26T16:50:36+00:00","og_image":[{"url":"https:\/\/fonts.gstatic.com\/s\/e\/notoemoji\/16.0\/1f31f\/72.png","type":"","width":"","height":""}],"twitter_card":"summary_large_image","twitter_misc":{"Dur\u00e9e de lecture estim\u00e9e":"8 minutes"},"schema":{"@context":"https:\/\/schema.org","@graph":[{"@type":"WebPage","@id":"https:\/\/oramagnetic.com\/index.php\/mediumnite\/","url":"https:\/\/oramagnetic.com\/index.php\/mediumnite\/","name":"M\u00e9diumnit\u00e9 -","isPartOf":{"@id":"https:\/\/oramagnetic.com\/#website"},"primaryImageOfPage":{"@id":"https:\/\/oramagnetic.com\/index.php\/mediumnite\/#primaryimage"},"image":{"@id":"https:\/\/oramagnetic.com\/index.php\/mediumnite\/#primaryimage"},"thumbnailUrl":"https:\/\/fonts.gstatic.com\/s\/e\/notoemoji\/16.0\/1f31f\/72.png","datePublished":"2026-01-26T16:45:54+00:00","dateModified":"2026-01-26T16:50:36+00:00","breadcrumb":{"@id":"https:\/\/oramagnetic.com\/index.php\/mediumnite\/#breadcrumb"},"inLanguage":"fr-FR","potentialAction":[{"@type":"ReadAction","target":["https:\/\/oramagnetic.com\/index.php\/mediumnite\/"]}]},{"@type":"ImageObject","inLanguage":"fr-FR","@id":"https:\/\/oramagnetic.com\/index.php\/mediumnite\/#primaryimage","url":"https:\/\/fonts.gstatic.com\/s\/e\/notoemoji\/16.0\/1f31f\/72.png","contentUrl":"https:\/\/fonts.gstatic.com\/s\/e\/notoemoji\/16.0\/1f31f\/72.png"},{"@type":"BreadcrumbList","@id":"https:\/\/oramagnetic.com\/index.php\/mediumnite\/#breadcrumb","itemListElement":[{"@type":"ListItem","position":1,"name":"Home","item":"https:\/\/oramagnetic.com\/"},{"@type":"ListItem","position":2,"name":"M\u00e9diumnit\u00e9"}]},{"@type":"WebSite","@id":"https:\/\/oramagnetic.com\/#website","url":"https:\/\/oramagnetic.com\/","name":"Oramagnetic","description":"","publisher":{"@id":"https:\/\/oramagnetic.com\/#organization"},"alternateName":"Oramagnetic Paris","potentialAction":[{"@type":"SearchAction","target":{"@type":"EntryPoint","urlTemplate":"https:\/\/oramagnetic.com\/?s={search_term_string}"},"query-input":{"@type":"PropertyValueSpecification","valueRequired":true,"valueName":"search_term_string"}}],"inLanguage":"fr-FR"},{"@type":"Organization","@id":"https:\/\/oramagnetic.com\/#organization","name":"Oramagnetic","alternateName":"Oramagnetic","url":"https:\/\/oramagnetic.com\/","logo":{"@type":"ImageObject","inLanguage":"fr-FR","@id":"https:\/\/oramagnetic.com\/#\/schema\/logo\/image\/","url":"https:\/\/oramagnetic.com\/wp-content\/uploads\/2025\/10\/LOGOS-PICTOS-48.png","contentUrl":"https:\/\/oramagnetic.com\/wp-content\/uploads\/2025\/10\/LOGOS-PICTOS-48.png","width":500,"height":331,"caption":"Oramagnetic"},"image":{"@id":"https:\/\/oramagnetic.com\/#\/schema\/logo\/image\/"},"sameAs":["https:\/\/www.facebook.com\/oramagnetic"]}]}},"_links":{"self":[{"href":"https:\/\/oramagnetic.com\/index.php\/wp-json\/wp\/v2\/pages\/297","targetHints":{"allow":["GET"]}}],"collection":[{"href":"https:\/\/oramagnetic.com\/index.php\/wp-json\/wp\/v2\/pages"}],"about":[{"href":"https:\/\/oramagnetic.com\/index.php\/wp-json\/wp\/v2\/types\/page"}],"author":[{"embeddable":true,"href":"https:\/\/oramagnetic.com\/index.php\/wp-json\/wp\/v2\/users\/1"}],"replies":[{"embeddable":true,"href":"https:\/\/oramagnetic.com\/index.php\/wp-json\/wp\/v2\/comments?post=297"}],"version-history":[{"count":4,"href":"https:\/\/oramagnetic.com\/index.php\/wp-json\/wp\/v2\/pages\/297\/revisions"}],"predecessor-version":[{"id":304,"href":"https:\/\/oramagnetic.com\/index.php\/wp-json\/wp\/v2\/pages\/297\/revisions\/304"}],"wp:attachment":[{"href":"https:\/\/oramagnetic.com\/index.php\/wp-json\/wp\/v2\/media?parent=297"}],"curies":[{"name":"wp","href":"https:\/\/api.w.org\/{rel}","templated":true}]}}